{"id":73,"date":"2025-05-18T21:39:42","date_gmt":"2025-05-18T21:39:42","guid":{"rendered":"https:\/\/neuwieder-allgemeine.de\/?page_id=73"},"modified":"2025-05-18T22:16:59","modified_gmt":"2025-05-18T22:16:59","slug":"redaktionsteam","status":"publish","type":"page","link":"https:\/\/neuwieder-allgemeine.de\/?page_id=73","title":{"rendered":"Redaktionsteam"},"content":{"rendered":"\t\t<div data-elementor-type=\"wp-page\" data-elementor-id=\"73\" class=\"elementor elementor-73\">\n\t\t\t\t<div class=\"elementor-element elementor-element-7b3ef01 e-flex e-con-boxed e-con e-parent\" data-id=\"7b3ef01\" data-element_type=\"container\">\n\t\t\t\t\t<div class=\"e-con-inner\">\n\t\t\t\t<div class=\"elementor-element elementor-element-d4bd37d elementor-widget__width-initial elementor-widget elementor-widget-image\" data-id=\"d4bd37d\" data-element_type=\"widget\" data-widget_type=\"image.default\">\n\t\t\t\t<div class=\"elementor-widget-container\">\n\t\t\t\t\t\t\t\t\t\t\t\t\t\t\t<img decoding=\"async\" src=\"https:\/\/neuwieder-allgemeine.de\/wp-content\/uploads\/elementor\/thumbs\/assets_task_01jvjmz6g6eaeaswqgtkkd2e19_1747603983_img_0-r60c44xdv9zmukebdrln0fcnm3321ur6qj6t9ruyzq.webp\" title=\"assets_task_01jvjmz6g6eaeaswqgtkkd2e19_1747603983_img_0\" alt=\"assets_task_01jvjmz6g6eaeaswqgtkkd2e19_1747603983_img_0\" loading=\"lazy\" \/>\t\t\t\t\t\t\t\t\t\t\t\t\t\t\t<\/div>\n\t\t\t\t<\/div>\n\t\t\t\t\t<\/div>\n\t\t\t\t<\/div>\n\t\t<div class=\"elementor-element elementor-element-0ccfa26 e-flex e-con-boxed e-con e-parent\" data-id=\"0ccfa26\" data-element_type=\"container\">\n\t\t\t\t\t<div class=\"e-con-inner\">\n\t\t\t\t<div class=\"elementor-element elementor-element-26eae47 elementor-widget elementor-widget-text-editor\" data-id=\"26eae47\" data-element_type=\"widget\" data-widget_type=\"text-editor.default\">\n\t\t\t\t<div class=\"elementor-widget-container\">\n\t\t\t\t\t\t\t\t\t<p>Hinter der Neuwieder Allgemeinen steht ein junges Team aus Sch\u00fcler:innen, Studierenden und angehenden Journalist:innen \u2013 Menschen mit Neugier, Haltung und dem Wunsch, herauszufinden, was in Neuwied wirklich z\u00e4hlt.\u00a0<span style=\"letter-spacing: 0px;\">Wir kommen aus unterschiedlichen Hintergr\u00fcnden, bringen verschiedene Blickwinkel mit \u2013 und teilen eine gemeinsame \u00dcberzeugung: Lokaljournalismus darf ruhig kleiner denken, aber nicht oberfl\u00e4chlicher. Wir schreiben nicht f\u00fcr Schlagzeilen, sondern f\u00fcr Orientierung. Wir recherchieren nicht f\u00fcr Klickzahlen, sondern f\u00fcr Kontext.\u00a0<\/span><span style=\"letter-spacing: 0px;\">Unser Anspruch ist einfach, aber nicht leicht: Journalismus, der zuh\u00f6rt. Der fragt. Und der ernst nimmt, was Menschen bewegt.\u00a0<\/span><span style=\"letter-spacing: 0px;\">Noch stehen wir am Anfang. Unsere Redaktion w\u00e4chst, genau wie unsere Themenvielfalt. Aber eins ist klar: Wir sind mit ganzem Herzen bei der Sache \u2013 und freuen uns, wenn Sie uns auf diesem Weg begleiten.<\/span><\/p>\t\t\t\t\t\t\t\t<\/div>\n\t\t\t\t<\/div>\n\t\t\t\t\t<\/div>\n\t\t\t\t<\/div>\n\t\t<div class=\"elementor-element elementor-element-ef89e96 e-con-full e-flex e-con e-parent\" data-id=\"ef89e96\" data-element_type=\"container\">\n\t\t<div class=\"elementor-element elementor-element-0b23855 e-grid e-con-full e-con e-child\" data-id=\"0b23855\" data-element_type=\"container\">\n\t\t\t\t<div class=\"elementor-element elementor-element-9f52e0b elementor-widget elementor-widget-image\" data-id=\"9f52e0b\" data-element_type=\"widget\" data-widget_type=\"image.default\">\n\t\t\t\t<div class=\"elementor-widget-container\">\n\t\t\t\t\t\t\t\t\t\t\t\t\t\t\t<img fetchpriority=\"high\" decoding=\"async\" width=\"1536\" height=\"1024\" src=\"https:\/\/neuwieder-allgemeine.de\/wp-content\/uploads\/2025\/05\/assets_task_01jvjkrrj8ever8ktwqg8p6v51_1747602737_img_3.webp\" class=\"attachment-full size-full wp-image-76\" alt=\"\" srcset=\"https:\/\/neuwieder-allgemeine.de\/wp-content\/uploads\/2025\/05\/assets_task_01jvjkrrj8ever8ktwqg8p6v51_1747602737_img_3.webp 1536w, https:\/\/neuwieder-allgemeine.de\/wp-content\/uploads\/2025\/05\/assets_task_01jvjkrrj8ever8ktwqg8p6v51_1747602737_img_3-300x200.webp 300w, https:\/\/neuwieder-allgemeine.de\/wp-content\/uploads\/2025\/05\/assets_task_01jvjkrrj8ever8ktwqg8p6v51_1747602737_img_3-1024x683.webp 1024w, https:\/\/neuwieder-allgemeine.de\/wp-content\/uploads\/2025\/05\/assets_task_01jvjkrrj8ever8ktwqg8p6v51_1747602737_img_3-768x512.webp 768w, https:\/\/neuwieder-allgemeine.de\/wp-content\/uploads\/2025\/05\/assets_task_01jvjkrrj8ever8ktwqg8p6v51_1747602737_img_3-150x100.webp 150w, https:\/\/neuwieder-allgemeine.de\/wp-content\/uploads\/2025\/05\/assets_task_01jvjkrrj8ever8ktwqg8p6v51_1747602737_img_3-330x220.webp 330w, https:\/\/neuwieder-allgemeine.de\/wp-content\/uploads\/2025\/05\/assets_task_01jvjkrrj8ever8ktwqg8p6v51_1747602737_img_3-420x280.webp 420w, https:\/\/neuwieder-allgemeine.de\/wp-content\/uploads\/2025\/05\/assets_task_01jvjkrrj8ever8ktwqg8p6v51_1747602737_img_3-510x340.webp 510w\" sizes=\"(max-width: 1536px) 100vw, 1536px\" \/>\t\t\t\t\t\t\t\t\t\t\t\t\t\t\t<\/div>\n\t\t\t\t<\/div>\n\t\t\t\t<div class=\"elementor-element elementor-element-022664c elementor-widget elementor-widget-text-editor\" data-id=\"022664c\" data-element_type=\"widget\" data-widget_type=\"text-editor.default\">\n\t\t\t\t<div class=\"elementor-widget-container\">\n\t\t\t\t\t\t\t\t\t<p><strong data-start=\"167\" data-end=\"203\">Christina Jung (22), Redakteurin<\/strong><\/p><p class=\"\" data-start=\"205\" data-end=\"580\">Christina Jung ist Redakteurin bei der <em data-start=\"244\" data-end=\"267\">Neuwieder Allgemeinen<\/em> und studiert derzeit Kommunikationswissenschaften an der Universit\u00e4t Koblenz. Neben dem Studium bringt sie sich mit gro\u00dfem Engagement in den redaktionellen Aufbau der Plattform ein \u2013 mit einem besonderen Blick f\u00fcr Themen, die im Alltagsrauschen oft untergehen, aber f\u00fcr die Menschen in der Region Relevanz haben.<\/p><p class=\"\" data-start=\"582\" data-end=\"904\">Als angehende Journalistin steht Christina f\u00fcr einen klaren, gut recherchierten und zug\u00e4nglichen Lokaljournalismus. Bereits w\u00e4hrend ihres Studiums hat sie erste redaktionelle Erfahrungen in studentischen Medienprojekten gesammelt \u2013 und dabei ein Gesp\u00fcr f\u00fcr die Geschichten entwickelt, die zwischen den Schlagzeilen liegen.<\/p><p class=\"\" data-start=\"906\" data-end=\"1204\">Bei der <em data-start=\"914\" data-end=\"937\">Neuwieder Allgemeinen<\/em> sch\u00e4tzt sie besonders das redaktionelle Selbstverst\u00e4ndnis: Qualit\u00e4t vor Quantit\u00e4t, Tiefgang statt Tempo. Ihre Schwerpunkte liegen auf sozialen Fragen, lokalen Initiativen und kulturellen Themen \u2013 stets mit dem Ziel, Zusammenh\u00e4nge aufzuzeigen und Debatten anzusto\u00dfen.<\/p><p class=\"\" data-start=\"1206\" data-end=\"1332\">\u201eIch m\u00f6chte \u00fcber Dinge schreiben, die Menschen wirklich bewegen \u2013 ehrlich, gr\u00fcndlich und nah an der Lebensrealit\u00e4t\u201c, sagt sie.<\/p><p class=\"\" data-start=\"1334\" data-end=\"1477\">Christina bringt nicht nur journalistische Neugier mit, sondern auch die Motivation, die Rolle von Medien im lokalen Raum aktiv mitzugestalten.<\/p>\t\t\t\t\t\t\t\t<\/div>\n\t\t\t\t<\/div>\n\t\t\t\t<\/div>\n\t\t<div class=\"elementor-element elementor-element-845c9df e-con-full e-flex e-con e-child\" data-id=\"845c9df\" data-element_type=\"container\">\n\t\t\t\t<\/div>\n\t\t\t\t<\/div>\n\t\t\t\t<\/div>\n\t\t","protected":false},"excerpt":{"rendered":"<p>Hinter der Neuwieder Allgemeinen steht ein junges Team aus Sch\u00fcler:innen, Studierenden und angehenden Journalist:innen \u2013 Menschen mit Neugier, Haltung und dem Wunsch, herauszufinden, was in Neuwied wirklich z\u00e4hlt.\u00a0Wir kommen aus unterschiedlichen Hintergr\u00fcnden, bringen verschiedene Blickwinkel mit \u2013 und teilen eine gemeinsame \u00dcberzeugung: Lokaljournalismus darf ruhig kleiner denken, aber nicht oberfl\u00e4chlicher. Wir schreiben nicht f\u00fcr Schlagzeilen,<\/p>\n","protected":false},"author":1,"featured_media":75,"parent":0,"menu_order":0,"comment_status":"closed","ping_status":"closed","template":"","meta":{"footnotes":""},"class_list":["post-73","page","type-page","status-publish","has-post-thumbnail","hentry"],"_links":{"self":[{"href":"https:\/\/neuwieder-allgemeine.de\/index.php?rest_route=\/wp\/v2\/pages\/73","targetHints":{"allow":["GET"]}}],"collection":[{"href":"https:\/\/neuwieder-allgemeine.de\/index.php?rest_route=\/wp\/v2\/pages"}],"about":[{"href":"https:\/\/neuwieder-allgemeine.de\/index.php?rest_route=\/wp\/v2\/types\/page"}],"author":[{"embeddable":true,"href":"https:\/\/neuwieder-allgemeine.de\/index.php?rest_route=\/wp\/v2\/users\/1"}],"replies":[{"embeddable":true,"href":"https:\/\/neuwieder-allgemeine.de\/index.php?rest_route=%2Fwp%2Fv2%2Fcomments&post=73"}],"version-history":[{"count":22,"href":"https:\/\/neuwieder-allgemeine.de\/index.php?rest_route=\/wp\/v2\/pages\/73\/revisions"}],"predecessor-version":[{"id":98,"href":"https:\/\/neuwieder-allgemeine.de\/index.php?rest_route=\/wp\/v2\/pages\/73\/revisions\/98"}],"wp:featuredmedia":[{"embeddable":true,"href":"https:\/\/neuwieder-allgemeine.de\/index.php?rest_route=\/wp\/v2\/media\/75"}],"wp:attachment":[{"href":"https:\/\/neuwieder-allgemeine.de\/index.php?rest_route=%2Fwp%2Fv2%2Fmedia&parent=73"}],"curies":[{"name":"wp","href":"https:\/\/api.w.org\/{rel}","templated":true}]}}