{"id":52,"date":"2025-05-18T00:11:52","date_gmt":"2025-05-18T00:11:52","guid":{"rendered":"https:\/\/neuwieder-allgemeine.de\/?page_id=52"},"modified":"2025-05-18T00:18:47","modified_gmt":"2025-05-18T00:18:47","slug":"impressum","status":"publish","type":"page","link":"https:\/\/neuwieder-allgemeine.de\/?page_id=52","title":{"rendered":"Impressum"},"content":{"rendered":"\n<p><strong>Neuwieder Allgemeine<\/strong><br>Postfach 1133<br>51751 Engelskirchen<br>Deutschland<\/p>\n\n\n\n<hr class=\"wp-block-separator has-alpha-channel-opacity\"\/>\n\n\n\n<h3 class=\"wp-block-heading\">Verantwortlich f\u00fcr den Inhalt nach \u00a7 55 Abs. 2 RStV:<\/h3>\n\n\n\n<p>Neuwieder Allgemeine<br>&#8211; Redaktion &#8211;<br>Postfach 1133<br>51751 Engelskirchen<br>E-Mail: <a>redaktion@neuwieder-allgemeine.de<\/a><\/p>\n\n\n\n<hr class=\"wp-block-separator has-alpha-channel-opacity\"\/>\n\n\n\n<h3 class=\"wp-block-heading\">Redaktion &amp; Herausgeber<\/h3>\n\n\n\n<p>Neuwieder Allgemeine \u2013 unabh\u00e4ngige Lokalzeitung f\u00fcr Neuwied und Umgebung<\/p>\n\n\n\n<hr class=\"wp-block-separator has-alpha-channel-opacity\"\/>\n\n\n\n<h3 class=\"wp-block-heading\">Haftungsausschluss (Disclaimer)<\/h3>\n\n\n\n<p>Trotz sorgf\u00e4ltiger inhaltlicher Kontrolle \u00fcbernehmen wir keine Haftung f\u00fcr die Inhalte externer Links. F\u00fcr den Inhalt der verlinkten Seiten sind ausschlie\u00dflich deren Betreiber verantwortlich.<\/p>\n\n\n\n<hr class=\"wp-block-separator has-alpha-channel-opacity\"\/>\n\n\n\n<h3 class=\"wp-block-heading\">Urheberrecht<\/h3>\n\n\n\n<p>Die durch die Seitenbetreiber erstellten Inhalte und Werke auf dieser Website unterliegen dem deutschen Urheberrecht. Beitr\u00e4ge Dritter sind als solche gekennzeichnet.<\/p>\n","protected":false},"excerpt":{"rendered":"<p>Neuwieder AllgemeinePostfach 113351751 EngelskirchenDeutschland Verantwortlich f\u00fcr den Inhalt nach \u00a7 55 Abs. 2 RStV: Neuwieder Allgemeine&#8211; Redaktion &#8211;Postfach 113351751 EngelskirchenE-Mail: redaktion@neuwieder-allgemeine.de Redaktion &amp; Herausgeber Neuwieder Allgemeine \u2013 unabh\u00e4ngige Lokalzeitung f\u00fcr Neuwied und Umgebung Haftungsausschluss (Disclaimer) Trotz sorgf\u00e4ltiger inhaltlicher Kontrolle \u00fcbernehmen wir keine Haftung f\u00fcr die Inhalte externer Links. F\u00fcr den Inhalt der verlinkten Seiten sind<\/p>\n","protected":false},"author":1,"featured_media":0,"parent":0,"menu_order":0,"comment_status":"closed","ping_status":"closed","template":"","meta":{"footnotes":""},"class_list":["post-52","page","type-page","status-publish","hentry"],"_links":{"self":[{"href":"https:\/\/neuwieder-allgemeine.de\/index.php?rest_route=\/wp\/v2\/pages\/52","targetHints":{"allow":["GET"]}}],"collection":[{"href":"https:\/\/neuwieder-allgemeine.de\/index.php?rest_route=\/wp\/v2\/pages"}],"about":[{"href":"https:\/\/neuwieder-allgemeine.de\/index.php?rest_route=\/wp\/v2\/types\/page"}],"author":[{"embeddable":true,"href":"https:\/\/neuwieder-allgemeine.de\/index.php?rest_route=\/wp\/v2\/users\/1"}],"replies":[{"embeddable":true,"href":"https:\/\/neuwieder-allgemeine.de\/index.php?rest_route=%2Fwp%2Fv2%2Fcomments&post=52"}],"version-history":[{"count":3,"href":"https:\/\/neuwieder-allgemeine.de\/index.php?rest_route=\/wp\/v2\/pages\/52\/revisions"}],"predecessor-version":[{"id":61,"href":"https:\/\/neuwieder-allgemeine.de\/index.php?rest_route=\/wp\/v2\/pages\/52\/revisions\/61"}],"wp:attachment":[{"href":"https:\/\/neuwieder-allgemeine.de\/index.php?rest_route=%2Fwp%2Fv2%2Fmedia&parent=52"}],"curies":[{"name":"wp","href":"https:\/\/api.w.org\/{rel}","templated":true}]}}